{"id":13036,"date":"2018-10-22T13:48:22","date_gmt":"2018-10-22T13:48:22","guid":{"rendered":"https:\/\/almark.com.tr\/iletisim\/"},"modified":"2025-12-09T13:53:47","modified_gmt":"2025-12-09T13:53:47","slug":"iletisim","status":"publish","type":"page","link":"https:\/\/almark.com.tr\/uk\/iletisim\/","title":{"rendered":"\u0441\u043f\u0456\u043b\u043a\u0443\u0432\u0430\u043d\u043d\u044f"},"content":{"rendered":"<section class=\"wpb-content-wrapper\"><p>[vc_row full_width=&#8221;stretch_row&#8221; kd_background_overlay=&#8221;default&#8221; kd_background_image_position=&#8221;vc_row-bg-position-top&#8221;][vc_column][vc_row_inner content_placement=&#8221;middle&#8221; kd_background_overlay=&#8221;default&#8221; kd_background_image_position=&#8221;vc_row-bg-position-top&#8221; css=&#8221;.vc_custom_1598013821419{padding-top: 100px !important;padding-bottom: 100px !important;}&#8221;][vc_column_inner width=&#8221;2\/3&#8243; css=&#8221;.vc_custom_1686727293698{padding-right: 0px !important;padding-left: 0px !important;}&#8221;]<header class=\"kd-section-title col-lg-12 text-center  vc_custom_1686727110268 kd-animated fadeIn\" data-animation-delay=200><h5 class=\"kd-main-title separator_off\" >Bize telefon, e-mail ya da a\u015fa\u011f\u0131daki ileti\u015fim formunu doldurarak ula\u015fabilirsiniz.<br \/>\nSizlere yard\u0131mc\u0131 olmaktan memnuniyet duyar\u0131z.<\/h5><h6 class=\"subtitle\" >\u041f\u043e\u0432\u043d\u0435 \u0437\u0430\u043f\u043e\u0432\u043d\u0435\u043d\u043d\u044f \u0444\u043e\u0440\u043c\u0438 \u0437\u0430\u0431\u0435\u0437\u043f\u0435\u0447\u0438\u0442\u044c \u0412\u0430\u043c \u0448\u0432\u0438\u0434\u043a\u0443 \u0432\u0456\u0434\u043f\u043e\u0432\u0456\u0434\u044c.<\/h6><\/header>[vc_column_text]<div class=\"forminator-ui forminator-custom-form forminator-custom-form-14468 forminator-design--flat  forminator_ajax\" data-forminator-render=\"0\" data-form=\"forminator-module-14468\" data-uid=\"6a05ad22a0250\"><br\/><\/div><form\n\t\t\t\tid=\"forminator-module-14468\"\n\t\t\t\tclass=\"forminator-ui forminator-custom-form forminator-custom-form-14468 forminator-design--flat  forminator_ajax\"\n\t\t\t\tmethod=\"post\"\n\t\t\t\tdata-forminator-render=\"0\"\n\t\t\t\tdata-form-id=\"14468\"\n\t\t\t\t\n\t\t\t\tdata-design=\"flat\"\n\t\t\t\t\n\t\t\t\t\n\t\t\t\t\n\t\t\t\tdata-grid=\"open\"\n\t\t\t\t\n\t\t\t\t\n\t\t\t\tstyle=\"display: none;\"\n\t\t\t\t\n\t\t\t\tdata-uid=\"6a05ad22a0250\"\n\t\t\t><div role=\"alert\" aria-live=\"polite\" class=\"forminator-response-message forminator-error\" aria-hidden=\"true\"><\/div><div class=\"forminator-row\"><div id=\"name-1\" class=\"forminator-field-name forminator-col forminator-col-12 \"><div class=\"forminator-field\"><label for=\"forminator-field-name-1_6a05ad22a0250\" id=\"forminator-field-name-1_6a05ad22a0250-label\" class=\"forminator-label\">\u041f\u0406\u0411 <span class=\"forminator-required\">*<\/span><\/label><input type=\"text\" name=\"name-1\" value=\"\" placeholder=\"\" id=\"forminator-field-name-1_6a05ad22a0250\" class=\"forminator-input forminator-name--field\" aria-required=\"true\" \/><\/div><\/div><\/div><div class=\"forminator-row\"><div id=\"email-1\" class=\"forminator-field-email forminator-col forminator-col-12 \"><div class=\"forminator-field\"><label for=\"forminator-field-email-1_6a05ad22a0250\" id=\"forminator-field-email-1_6a05ad22a0250-label\" class=\"forminator-label\">\u0415\u043b\u0435\u043a\u0442\u0440\u043e\u043d\u043d\u0430 \u043f\u043e\u0448\u0442\u0430 <span class=\"forminator-required\">*<\/span><\/label><input type=\"email\" name=\"email-1\" value=\"\" placeholder=\"\" id=\"forminator-field-email-1_6a05ad22a0250\" class=\"forminator-input forminator-email--field\" data-required=\"1\" aria-required=\"true\" \/><\/div><\/div><\/div><div class=\"forminator-row\"><div id=\"phone-1\" class=\"forminator-field-phone forminator-col forminator-col-12 \"><div class=\"forminator-field\"><label for=\"forminator-field-phone-1_6a05ad22a0250\" id=\"forminator-field-phone-1_6a05ad22a0250-label\" class=\"forminator-label\">\u0422\u0435\u043b\u0435\u0444\u043e\u043d\u043d\u0438\u0439 \u043d\u043e\u043c\u0435\u0440 <span class=\"forminator-required\">*<\/span><\/label><input type=\"text\" name=\"phone-1\" value=\"\" placeholder=\"\" id=\"forminator-field-phone-1_6a05ad22a0250\" class=\"forminator-input forminator-field--phone\" data-required=\"1\" aria-required=\"true\" autocomplete=\"off\" \/><\/div><\/div><\/div><div class=\"forminator-row\"><div id=\"text-1\" class=\"forminator-field-text forminator-col forminator-col-12 \"><div class=\"forminator-field\"><label for=\"forminator-field-text-1_6a05ad22a0250\" id=\"forminator-field-text-1_6a05ad22a0250-label\" class=\"forminator-label\">\u041a\u043e\u043c\u043f\u0430\u043d\u0438\u044f<\/label><input type=\"text\" name=\"text-1\" value=\"\" placeholder=\"\" id=\"forminator-field-text-1_6a05ad22a0250\" class=\"forminator-input forminator-name--field\" data-required=\"\" \/><\/div><\/div><\/div><div class=\"forminator-row\"><div id=\"textarea-1\" class=\"forminator-field-textarea forminator-col forminator-col-12 \"><div class=\"forminator-field\"><label for=\"forminator-field-textarea-1_6a05ad22a0250\" id=\"forminator-field-textarea-1_6a05ad22a0250-label\" class=\"forminator-label\">\u041f\u043e\u0432\u0456\u0434\u043e\u043c\u043b\u0435\u043d\u043d\u044f <span class=\"forminator-required\">*<\/span><\/label><textarea name=\"textarea-1\" placeholder=\"\" id=\"forminator-field-textarea-1_6a05ad22a0250\" class=\"forminator-textarea\" rows=\"6\" style=\"min-height:140px;\" ><\/textarea><\/div><\/div><\/div><input type=\"hidden\" name=\"referer_url\" value=\"\" \/><div class=\"forminator-row forminator-row-last\"><div class=\"forminator-col\"><div class=\"forminator-field\"><button class=\"forminator-button forminator-button-submit\">\u0412\u0456\u0434\u043f\u0440\u0430\u0432\u0438\u0442\u0438<\/button><\/div><\/div><\/div><input type=\"hidden\" id=\"forminator_nonce\" name=\"forminator_nonce\" value=\"f2fe91f37f\" \/><input type=\"hidden\" name=\"_wp_http_referer\" value=\"\/uk\/wp-json\/wp\/v2\/pages\/13036\" \/><input type=\"hidden\" name=\"form_id\" value=\"14468\"><input type=\"hidden\" name=\"page_id\" value=\"13036\"><input type=\"hidden\" name=\"form_type\" value=\"default\"><input type=\"hidden\" name=\"current_url\" value=\"https:\/\/almark.com.tr\/uk\/iletisim\/\"><input type=\"hidden\" name=\"render_id\" value=\"0\"><input type=\"hidden\" name=\"action\" value=\"forminator_submit_form_custom-forms\"><\/form>[\/vc_column_text][\/vc_column_inner][vc_column_inner width=&#8221;1\/3&#8243; offset=&#8221;vc_col-lg-4 vc_col-md-4&#8243; css_tablet_portrait=&#8221;.vc_custom_1686727284865{padding-bottom: 70px !important;}&#8221; css_mobile=&#8221;.vc_custom_1686727284866{padding-bottom: 70px !important;}&#8221;]<div class=\"key-icon-box icon-default  cont-left ib-no-effect     kd-animated fadeInUp\" style=\"background-color: transparent;\" ><h4 class=\"service-heading\" >\u0410\u0434\u0440\u0435\u0441\u0430<\/h4><p >G\u00f6kevler Mah. 2312. Sk. No:18J Bur\u00e7 Plaza<br \/>\nKat:16 Ofis:136 TR-34522 Esenyurt, \u0130stanbul\/T\u00fcrkiye<\/p><\/div>[vc_empty_space height=&#8221;40px&#8221;]<div class=\"key-icon-box icon-default  cont-left ib-no-effect     kd-animated fadeInUp\" style=\"background-color: transparent;\" data-animation-delay=200><h4 class=\"service-heading\" >\u0422\u0435\u043b\u0435\u0444\u043e\u043d<\/h4><p >+90 (850) 888 97 99<\/p><\/div>[vc_empty_space height=&#8221;40px&#8221;]<div class=\"key-icon-box icon-default  cont-left ib-no-effect     kd-animated fadeInUp\" style=\"background-color: transparent;\" data-animation-delay=400><h4 class=\"service-heading\" >E-mail<\/h4><p >\u0130leti\u015fim i\u00e7in: info@almark.com.tr<br \/>\nTeklif talebi i\u00e7in: sales@almark.com.tr<\/p><\/div>[\/vc_column_inner][\/vc_row_inner][\/vc_column][\/vc_row][vc_row full_width=&#8221;stretch_row&#8221; kd_background_overlay=&#8221;gray-color&#8221; kd_background_image_position=&#8221;vc_row-bg-position-top&#8221; css=&#8221;.vc_custom_1649854610326{padding-top: 100px !important;padding-bottom: 100px !important;}&#8221;][vc_column][vc_row_inner kd_background_overlay=&#8221;default&#8221; kd_background_image_position=&#8221;vc_row-bg-position-top&#8221;][vc_column_inner css=&#8221;.vc_custom_1686727216018{padding-top: 60px !important;padding-right: 60px !important;padding-bottom: 60px !important;padding-left: 60px !important;background-color: #ffffff !important;}&#8221; css_tablet_landscape=&#8221;.vc_custom_1686727216018{margin-top: 50px !important;margin-bottom: 50px !important;padding-right: 40px !important;padding-left: 40px !important;}&#8221; css_tablet_portrait=&#8221;.vc_custom_1686727216018{margin-top: 50px !important;padding-top: 100px !important;padding-right: 15px !important;padding-bottom: 0px !important;padding-left: 15px !important;}&#8221; css_mobile=&#8221;.vc_custom_1686727216019{margin-top: 50px !important;padding-right: 15px !important;padding-bottom: 0px !important;padding-left: 15px !important;}&#8221;]<script>\n\n                    function initKdMap_kd6a05ad22aa81b() {\n                      var map_kd6a05ad22aa81b;\n        \t\t\t\t\t\t\tvar gmap_location_kd6a05ad22aa81b = new google.maps.LatLng(41.021381, 28.630623);\n        \t\t\t\t\t\t\tvar GMAP_MODULE_kd6a05ad22aa81b = \"customMap\";\n      \t\t\t\t\t\t\t\tvar featureOpts = [\n      \t\t\t\t\t\t\t\t\t\t\t{\n      \t\t\t\t\t\t\t\t\t\t\t  stylers: [\n      \t\t\t\t\t\t\t\t\t\t\t\t{ \"visibility\": \"on\" },\n      \t\t\t\t\t\t\t\t\t\t\t\t{ \"weight\": 1 },\n      \t\t\t\t\t\t\t\t\t\t\t\t{ \"saturation\": -100 },\n      \t\t\t\t\t\t\t\t\t\t\t\t{ \"lightness\": 50 },\n      \t\t\t\t\t\t\t\t\t\t\t\t{ \"gamma\": 1 }\n      \t\t\t\t\t\t\t\t\t\t\t  ]\n      \t\t\t\t\t\t\t\t\t\t\t}, {\n                                featureType: \"poi\",\n                                stylers: [\n                                  { \"visibility\": \"off\" }\n                                ]\n                              }\n      \t\t\t\t\t\t\t\t\t\t];\n      \t\t\t\t\t\t\t\tvar mapOptions = {\n      \t\t\t\t\t\t\t\t\tzoom: 14,\n      \t\t\t\t\t\t\t\t\tcenter: gmap_location_kd6a05ad22aa81b,\n                        scrollwheel: false,\n      \t\t\t\t\t\t\t\t\tmapTypeControlOptions: {\n      \t\t\t\t\t\t\t\t\t\tmapTypeIds: [google.maps.MapTypeId.ROADMAP, GMAP_MODULE_kd6a05ad22aa81b]\n      \t\t\t\t\t\t\t\t\t},\n      \t\t\t\t\t\t\t\t\tmapTypeId: GMAP_MODULE_kd6a05ad22aa81b\n      \t\t\t\t\t\t\t\t};\n      \t\t\t\t\t\t\t\tmap_kd6a05ad22aa81b = new google.maps.Map(document.getElementById(\"kd6a05ad22aa81b\"), mapOptions);\n                      marker_kd6a05ad22aa81b = new google.maps.Marker({\n      \t\t\t\t\t\t\t\t\tmap: map_kd6a05ad22aa81b,\n      \t\t\t\t\t\t\t\t\tdraggable: false,\n      \t\t\t\t\t\t\t\t\tposition: gmap_location_kd6a05ad22aa81b,\n                        animation: google.maps.Animation.DROP,icon: \"https:\/\/www.vivatheme.com\/wp-content\/uploads\/sites\/2\/2022\/04\/location-blue.svg\",});\n                      var viewportwidth;\n\n                      if (typeof window.innerWidth != \"undefined\") {\n                            viewportwidth = window.innerWidth;\n                      }google.maps.event.addListener(marker_kd6a05ad22aa81b, \"click\", function() {\n      \t\t\t\t\t\t\t\t\tif (marker_kd6a05ad22aa81b.getAnimation() != null) {\n      \t\t\t\t\t\t\t\t\t\tmarker_kd6a05ad22aa81b.setAnimation(null);\n      \t\t\t\t\t\t\t\t\t} else {\n      \t\t\t\t\t\t\t\t\t\tmarker_kd6a05ad22aa81b.setAnimation(google.maps.Animation.BOUNCE);\n      \t\t\t\t\t\t\t\t\t}\n      \t\t\t\t\t\t\t\t});\n      \t\t\t\t\t\t\t\tvar styledMapOptions = {\n      \t\t\t\t\t\t\t\t\tname: \"ekko Map1\"\n      \t\t\t\t\t\t\t\t};\n      \t\t\t\t\t\t\t\tvar customMapType_kd6a05ad22aa81b = new google.maps.StyledMapType(featureOpts, styledMapOptions);\n      \t\t\t\t\t\t\t\tmap_kd6a05ad22aa81b.mapTypes.set(GMAP_MODULE_kd6a05ad22aa81b, customMapType_kd6a05ad22aa81b);\n                      }\n                      jQuery(window).on(\"load\", function() {\n                        initKdMap_kd6a05ad22aa81b();\n                      });\n      \t\t\t\t\t\t<\/script><div class=\"contact-map-container hidden_info_panel kd-animated fadeIn\" style=\"height: 500px;\" data-animation-delay=200><div id=\"kd6a05ad22aa81b\" class=\"kd_map\" style=\"height: 500px;\"><\/div>\n\n            <\/div>[\/vc_column_inner][\/vc_row_inner][\/vc_column][\/vc_row][vc_row kd_background_overlay=&#8221;default&#8221; kd_background_image_position=&#8221;vc_row-bg-position-top&#8221;][vc_column][\/vc_column][\/vc_row]<\/p>\n<\/section>","protected":false},"excerpt":{"rendered":"<p>[vc_row full_width=&#8221;stretch_row&#8221; kd_background_overlay=&#8221;default&#8221; kd_background_image_position=&#8221;vc_row-bg-position-top&#8221;][vc_column][vc_row_inner content_placement=&#8221;middle&#8221; kd_background_overlay=&#8221;default&#8221; kd_background_image_position=&#8221;vc_row-bg-position-top&#8221; css=&#8221;.vc_custom_1598013821419{padding-top: 100px !important;padding-bottom: 100px !important;}&#8221;][vc_column_inner width=&#8221;2\/3&#8243; css=&#8221;.vc_custom_1686727293698{padding-right: 0px !important;padding-left: 0px !important;}&#8221;][vc_column_text][\/vc_column_text][\/vc_column_inner][vc_column_inner width=&#8221;1\/3&#8243; offset=&#8221;vc_col-lg-4 [&hellip;]<\/p>\n","protected":false},"author":1,"featured_media":12901,"parent":0,"menu_order":0,"comment_status":"closed","ping_status":"closed","template":"","meta":{"footnotes":""},"class_list":["post-13036","page","type-page","status-publish","has-post-thumbnail","hentry"],"yoast_head":"<!-- This site is optimized with the Yoast SEO plugin v23.9 - https:\/\/yoast.com\/wordpress\/plugins\/seo\/ -->\n<title>\u0441\u043f\u0456\u043b\u043a\u0443\u0432\u0430\u043d\u043d\u044f | ALMARK Group Logistics<\/title>\n<meta name=\"robots\" content=\"index, follow, max-snippet:-1, max-image-preview:large, max-video-preview:-1\" \/>\n<link rel=\"canonical\" href=\"https:\/\/almark.com.tr\/uk\/iletisim\/\" \/>\n<meta property=\"og:locale\" content=\"uk_UA\" \/>\n<meta property=\"og:type\" content=\"article\" \/>\n<meta property=\"og:title\" content=\"\u0441\u043f\u0456\u043b\u043a\u0443\u0432\u0430\u043d\u043d\u044f | ALMARK Group Logistics\" \/>\n<meta property=\"og:description\" content=\"[vc_row full_width=&#8221;stretch_row&#8221; kd_background_overlay=&#8221;default&#8221; kd_background_image_position=&#8221;vc_row-bg-position-top&#8221;][vc_column][vc_row_inner content_placement=&#8221;middle&#8221; kd_background_overlay=&#8221;default&#8221; kd_background_image_position=&#8221;vc_row-bg-position-top&#8221; css=&#8221;.vc_custom_1598013821419{padding-top: 100px !important;padding-bottom: 100px !important;}&#8221;][vc_column_inner width=&#8221;2\/3&#8243; css=&#8221;.vc_custom_1686727293698{padding-right: 0px !important;padding-left: 0px !important;}&#8221;][vc_column_text][\/vc_column_text][\/vc_column_inner][vc_column_inner width=&#8221;1\/3&#8243; offset=&#8221;vc_col-lg-4 [&hellip;]\" \/>\n<meta property=\"og:url\" content=\"https:\/\/almark.com.tr\/uk\/iletisim\/\" \/>\n<meta property=\"og:site_name\" content=\"ALMARK Group Logistics\" \/>\n<meta property=\"article:publisher\" content=\"https:\/\/www.facebook.com\/almarklogistics\/\" \/>\n<meta property=\"article:modified_time\" content=\"2025-12-09T13:53:47+00:00\" \/>\n<meta property=\"og:image\" content=\"https:\/\/almark.com.tr\/wp-content\/uploads\/2022\/04\/classic-bg-3.jpg\" \/>\n\t<meta property=\"og:image:width\" content=\"1919\" \/>\n\t<meta property=\"og:image:height\" content=\"749\" \/>\n\t<meta property=\"og:image:type\" content=\"image\/jpeg\" \/>\n<meta name=\"twitter:card\" content=\"summary_large_image\" \/>\n<meta name=\"twitter:label1\" content=\"\u041f\u0440\u0438\u0431\u043b. \u0447\u0430\u0441 \u0447\u0438\u0442\u0430\u043d\u043d\u044f\" \/>\n\t<meta name=\"twitter:data1\" content=\"3 \u0445\u0432\u0438\u043b\u0438\u043d\u0438\" \/>\n<script type=\"application\/ld+json\" class=\"yoast-schema-graph\">{\"@context\":\"https:\/\/schema.org\",\"@graph\":[{\"@type\":\"WebPage\",\"@id\":\"https:\/\/almark.com.tr\/uk\/iletisim\/\",\"url\":\"https:\/\/almark.com.tr\/uk\/iletisim\/\",\"name\":\"\u0441\u043f\u0456\u043b\u043a\u0443\u0432\u0430\u043d\u043d\u044f | ALMARK Group Logistics\",\"isPartOf\":{\"@id\":\"https:\/\/almark.com.tr\/uk\/#website\"},\"primaryImageOfPage\":{\"@id\":\"https:\/\/almark.com.tr\/uk\/iletisim\/#primaryimage\"},\"image\":{\"@id\":\"https:\/\/almark.com.tr\/uk\/iletisim\/#primaryimage\"},\"thumbnailUrl\":\"https:\/\/almark.com.tr\/wp-content\/uploads\/2022\/04\/classic-bg-3.jpg\",\"datePublished\":\"2018-10-22T13:48:22+00:00\",\"dateModified\":\"2025-12-09T13:53:47+00:00\",\"breadcrumb\":{\"@id\":\"https:\/\/almark.com.tr\/uk\/iletisim\/#breadcrumb\"},\"inLanguage\":\"uk\",\"potentialAction\":[{\"@type\":\"ReadAction\",\"target\":[\"https:\/\/almark.com.tr\/uk\/iletisim\/\"]}]},{\"@type\":\"ImageObject\",\"inLanguage\":\"uk\",\"@id\":\"https:\/\/almark.com.tr\/uk\/iletisim\/#primaryimage\",\"url\":\"https:\/\/almark.com.tr\/wp-content\/uploads\/2022\/04\/classic-bg-3.jpg\",\"contentUrl\":\"https:\/\/almark.com.tr\/wp-content\/uploads\/2022\/04\/classic-bg-3.jpg\",\"width\":1919,\"height\":749},{\"@type\":\"BreadcrumbList\",\"@id\":\"https:\/\/almark.com.tr\/uk\/iletisim\/#breadcrumb\",\"itemListElement\":[{\"@type\":\"ListItem\",\"position\":1,\"name\":\"Anasayfa\",\"item\":\"https:\/\/almark.com.tr\/\"},{\"@type\":\"ListItem\",\"position\":2,\"name\":\"\u0441\u043f\u0456\u043b\u043a\u0443\u0432\u0430\u043d\u043d\u044f\"}]},{\"@type\":\"WebSite\",\"@id\":\"https:\/\/almark.com.tr\/uk\/#website\",\"url\":\"https:\/\/almark.com.tr\/uk\/\",\"name\":\"ALMARK Logistics\",\"description\":\"Lojistik \u00e7\u00f6z\u00fcmlerin globALMARK&#039;as\u0131\",\"publisher\":{\"@id\":\"https:\/\/almark.com.tr\/uk\/#organization\"},\"potentialAction\":[{\"@type\":\"SearchAction\",\"target\":{\"@type\":\"EntryPoint\",\"urlTemplate\":\"https:\/\/almark.com.tr\/uk\/?s={search_term_string}\"},\"query-input\":{\"@type\":\"PropertyValueSpecification\",\"valueRequired\":true,\"valueName\":\"search_term_string\"}}],\"inLanguage\":\"uk\"},{\"@type\":\"Organization\",\"@id\":\"https:\/\/almark.com.tr\/uk\/#organization\",\"name\":\"ALMARK Logistics\",\"url\":\"https:\/\/almark.com.tr\/uk\/\",\"logo\":{\"@type\":\"ImageObject\",\"inLanguage\":\"uk\",\"@id\":\"https:\/\/almark.com.tr\/uk\/#\/schema\/logo\/image\/\",\"url\":\"https:\/\/almark.com.tr\/wp-content\/uploads\/2023\/06\/Almark-Logo.png\",\"contentUrl\":\"https:\/\/almark.com.tr\/wp-content\/uploads\/2023\/06\/Almark-Logo.png\",\"width\":350,\"height\":75,\"caption\":\"ALMARK Logistics\"},\"image\":{\"@id\":\"https:\/\/almark.com.tr\/uk\/#\/schema\/logo\/image\/\"},\"sameAs\":[\"https:\/\/www.facebook.com\/almarklogistics\/\",\"https:\/\/www.linkedin.com\/company\/almark-logistics\",\"https:\/\/www.instagram.com\/almarklogistics\/\"]}]}<\/script>\n<!-- \/ Yoast SEO plugin. -->","yoast_head_json":{"title":"\u0441\u043f\u0456\u043b\u043a\u0443\u0432\u0430\u043d\u043d\u044f | ALMARK Group Logistics","robots":{"index":"index","follow":"follow","max-snippet":"max-snippet:-1","max-image-preview":"max-image-preview:large","max-video-preview":"max-video-preview:-1"},"canonical":"https:\/\/almark.com.tr\/uk\/iletisim\/","og_locale":"uk_UA","og_type":"article","og_title":"\u0441\u043f\u0456\u043b\u043a\u0443\u0432\u0430\u043d\u043d\u044f | ALMARK Group Logistics","og_description":"[vc_row full_width=&#8221;stretch_row&#8221; kd_background_overlay=&#8221;default&#8221; kd_background_image_position=&#8221;vc_row-bg-position-top&#8221;][vc_column][vc_row_inner content_placement=&#8221;middle&#8221; kd_background_overlay=&#8221;default&#8221; kd_background_image_position=&#8221;vc_row-bg-position-top&#8221; css=&#8221;.vc_custom_1598013821419{padding-top: 100px !important;padding-bottom: 100px !important;}&#8221;][vc_column_inner width=&#8221;2\/3&#8243; css=&#8221;.vc_custom_1686727293698{padding-right: 0px !important;padding-left: 0px !important;}&#8221;][vc_column_text][\/vc_column_text][\/vc_column_inner][vc_column_inner width=&#8221;1\/3&#8243; offset=&#8221;vc_col-lg-4 [&hellip;]","og_url":"https:\/\/almark.com.tr\/uk\/iletisim\/","og_site_name":"ALMARK Group Logistics","article_publisher":"https:\/\/www.facebook.com\/almarklogistics\/","article_modified_time":"2025-12-09T13:53:47+00:00","og_image":[{"width":1919,"height":749,"url":"https:\/\/almark.com.tr\/wp-content\/uploads\/2022\/04\/classic-bg-3.jpg","type":"image\/jpeg"}],"twitter_card":"summary_large_image","twitter_misc":{"\u041f\u0440\u0438\u0431\u043b. \u0447\u0430\u0441 \u0447\u0438\u0442\u0430\u043d\u043d\u044f":"3 \u0445\u0432\u0438\u043b\u0438\u043d\u0438"},"schema":{"@context":"https:\/\/schema.org","@graph":[{"@type":"WebPage","@id":"https:\/\/almark.com.tr\/uk\/iletisim\/","url":"https:\/\/almark.com.tr\/uk\/iletisim\/","name":"\u0441\u043f\u0456\u043b\u043a\u0443\u0432\u0430\u043d\u043d\u044f | ALMARK Group Logistics","isPartOf":{"@id":"https:\/\/almark.com.tr\/uk\/#website"},"primaryImageOfPage":{"@id":"https:\/\/almark.com.tr\/uk\/iletisim\/#primaryimage"},"image":{"@id":"https:\/\/almark.com.tr\/uk\/iletisim\/#primaryimage"},"thumbnailUrl":"https:\/\/almark.com.tr\/wp-content\/uploads\/2022\/04\/classic-bg-3.jpg","datePublished":"2018-10-22T13:48:22+00:00","dateModified":"2025-12-09T13:53:47+00:00","breadcrumb":{"@id":"https:\/\/almark.com.tr\/uk\/iletisim\/#breadcrumb"},"inLanguage":"uk","potentialAction":[{"@type":"ReadAction","target":["https:\/\/almark.com.tr\/uk\/iletisim\/"]}]},{"@type":"ImageObject","inLanguage":"uk","@id":"https:\/\/almark.com.tr\/uk\/iletisim\/#primaryimage","url":"https:\/\/almark.com.tr\/wp-content\/uploads\/2022\/04\/classic-bg-3.jpg","contentUrl":"https:\/\/almark.com.tr\/wp-content\/uploads\/2022\/04\/classic-bg-3.jpg","width":1919,"height":749},{"@type":"BreadcrumbList","@id":"https:\/\/almark.com.tr\/uk\/iletisim\/#breadcrumb","itemListElement":[{"@type":"ListItem","position":1,"name":"Anasayfa","item":"https:\/\/almark.com.tr\/"},{"@type":"ListItem","position":2,"name":"\u0441\u043f\u0456\u043b\u043a\u0443\u0432\u0430\u043d\u043d\u044f"}]},{"@type":"WebSite","@id":"https:\/\/almark.com.tr\/uk\/#website","url":"https:\/\/almark.com.tr\/uk\/","name":"ALMARK Logistics","description":"Lojistik \u00e7\u00f6z\u00fcmlerin globALMARK&#039;as\u0131","publisher":{"@id":"https:\/\/almark.com.tr\/uk\/#organization"},"potentialAction":[{"@type":"SearchAction","target":{"@type":"EntryPoint","urlTemplate":"https:\/\/almark.com.tr\/uk\/?s={search_term_string}"},"query-input":{"@type":"PropertyValueSpecification","valueRequired":true,"valueName":"search_term_string"}}],"inLanguage":"uk"},{"@type":"Organization","@id":"https:\/\/almark.com.tr\/uk\/#organization","name":"ALMARK Logistics","url":"https:\/\/almark.com.tr\/uk\/","logo":{"@type":"ImageObject","inLanguage":"uk","@id":"https:\/\/almark.com.tr\/uk\/#\/schema\/logo\/image\/","url":"https:\/\/almark.com.tr\/wp-content\/uploads\/2023\/06\/Almark-Logo.png","contentUrl":"https:\/\/almark.com.tr\/wp-content\/uploads\/2023\/06\/Almark-Logo.png","width":350,"height":75,"caption":"ALMARK Logistics"},"image":{"@id":"https:\/\/almark.com.tr\/uk\/#\/schema\/logo\/image\/"},"sameAs":["https:\/\/www.facebook.com\/almarklogistics\/","https:\/\/www.linkedin.com\/company\/almark-logistics","https:\/\/www.instagram.com\/almarklogistics\/"]}]}},"_links":{"self":[{"href":"https:\/\/almark.com.tr\/uk\/wp-json\/wp\/v2\/pages\/13036","targetHints":{"allow":["GET"]}}],"collection":[{"href":"https:\/\/almark.com.tr\/uk\/wp-json\/wp\/v2\/pages"}],"about":[{"href":"https:\/\/almark.com.tr\/uk\/wp-json\/wp\/v2\/types\/page"}],"author":[{"embeddable":true,"href":"https:\/\/almark.com.tr\/uk\/wp-json\/wp\/v2\/users\/1"}],"replies":[{"embeddable":true,"href":"https:\/\/almark.com.tr\/uk\/wp-json\/wp\/v2\/comments?post=13036"}],"version-history":[{"count":9,"href":"https:\/\/almark.com.tr\/uk\/wp-json\/wp\/v2\/pages\/13036\/revisions"}],"predecessor-version":[{"id":14479,"href":"https:\/\/almark.com.tr\/uk\/wp-json\/wp\/v2\/pages\/13036\/revisions\/14479"}],"wp:featuredmedia":[{"embeddable":true,"href":"https:\/\/almark.com.tr\/uk\/wp-json\/wp\/v2\/media\/12901"}],"wp:attachment":[{"href":"https:\/\/almark.com.tr\/uk\/wp-json\/wp\/v2\/media?parent=13036"}],"curies":[{"name":"wp","href":"https:\/\/api.w.org\/{rel}","templated":true}]}}